{"id":413,"date":"2024-02-07T17:15:42","date_gmt":"2024-02-07T17:15:42","guid":{"rendered":"https:\/\/blue-motion.pt\/experiencias\/private-tour\/"},"modified":"2026-04-22T16:21:02","modified_gmt":"2026-04-22T16:21:02","slug":"tour-privado","status":"publish","type":"page","link":"https:\/\/blue-motion.pt\/pt-pt\/experiencias\/tour-privado\/","title":{"rendered":"Tour panor\u00e2mico"},"content":{"rendered":"","protected":false},"excerpt":{"rendered":"","protected":false},"author":1,"featured_media":-1,"parent":409,"menu_order":0,"comment_status":"closed","ping_status":"closed","template":"","meta":{"footnotes":""},"class_list":["post-413","page","type-page","status-publish","has-post-thumbnail","hentry"],"yoast_head":"<!-- This site is optimized with the Yoast SEO plugin v27.4 - https:\/\/yoast.com\/product\/yoast-seo-wordpress\/ -->\n<title>Passeio Panor\u00e2mico em Lisboa: descubra a cidade a partir do Tejo<\/title>\n<meta name=\"description\" content=\"Explore a hist\u00f3ria de Lisboa num passeio panor\u00e2mico pelo Tejo: uma vista \u00fanica sobre os monumentos ic\u00f3nicos com o conforto e a hospitalidade da Bluemotion. Reserve o seu passeio de barco.\" \/>\n<meta name=\"robots\" content=\"index, follow, max-snippet:-1, max-image-preview:large, max-video-preview:-1\" \/>\n<link rel=\"canonical\" href=\"https:\/\/blue-motion.pt\/pt-pt\/experiencias\/tour-privado\/\" \/>\n<meta property=\"og:locale\" content=\"pt_PT\" \/>\n<meta property=\"og:type\" content=\"article\" \/>\n<meta property=\"og:title\" content=\"Passeio Panor\u00e2mico em Lisboa: descubra a cidade a partir do Tejo\" \/>\n<meta property=\"og:description\" content=\"Explore a hist\u00f3ria de Lisboa num passeio panor\u00e2mico pelo Tejo: uma vista \u00fanica sobre os monumentos ic\u00f3nicos com o conforto e a hospitalidade da Bluemotion. Reserve o seu passeio de barco.\" \/>\n<meta property=\"og:url\" content=\"https:\/\/blue-motion.pt\/pt-pt\/experiencias\/tour-privado\/\" \/>\n<meta property=\"og:site_name\" content=\"Blue-Motion.pt\" \/>\n<meta property=\"article:publisher\" content=\"https:\/\/www.facebook.com\/BluemotionLisbon\" \/>\n<meta property=\"article:modified_time\" content=\"2026-04-22T16:21:02+00:00\" \/>\n<meta name=\"twitter:card\" content=\"summary_large_image\" \/>\n<script type=\"application\/ld+json\" class=\"yoast-schema-graph\">{\"@context\":\"https:\\\/\\\/schema.org\",\"@graph\":[{\"@type\":\"WebPage\",\"@id\":\"https:\\\/\\\/blue-motion.pt\\\/pt-pt\\\/experiencias\\\/tour-privado\\\/\",\"url\":\"https:\\\/\\\/blue-motion.pt\\\/pt-pt\\\/experiencias\\\/tour-privado\\\/\",\"name\":\"Passeio Panor\u00e2mico em Lisboa: descubra a cidade a partir do Tejo\",\"isPartOf\":{\"@id\":\"https:\\\/\\\/blue-motion.pt\\\/pt-pt\\\/#website\"},\"datePublished\":\"2024-02-07T17:15:42+00:00\",\"dateModified\":\"2026-04-22T16:21:02+00:00\",\"description\":\"Explore a hist\u00f3ria de Lisboa num passeio panor\u00e2mico pelo Tejo: uma vista \u00fanica sobre os monumentos ic\u00f3nicos com o conforto e a hospitalidade da Bluemotion. Reserve o seu passeio de barco.\",\"breadcrumb\":{\"@id\":\"https:\\\/\\\/blue-motion.pt\\\/pt-pt\\\/experiencias\\\/tour-privado\\\/#breadcrumb\"},\"inLanguage\":\"pt-PT\",\"potentialAction\":[{\"@type\":\"ReadAction\",\"target\":[\"https:\\\/\\\/blue-motion.pt\\\/pt-pt\\\/experiencias\\\/tour-privado\\\/\"]}]},{\"@type\":\"BreadcrumbList\",\"@id\":\"https:\\\/\\\/blue-motion.pt\\\/pt-pt\\\/experiencias\\\/tour-privado\\\/#breadcrumb\",\"itemListElement\":[{\"@type\":\"ListItem\",\"position\":1,\"name\":\"Home\",\"item\":\"https:\\\/\\\/blue-motion.pt\\\/pt-pt\\\/\"},{\"@type\":\"ListItem\",\"position\":2,\"name\":\"Experi\u00eancias\",\"item\":\"https:\\\/\\\/blue-motion.pt\\\/pt-pt\\\/experiencias\\\/\"},{\"@type\":\"ListItem\",\"position\":3,\"name\":\"Tour panor\u00e2mico\"}]},{\"@type\":\"WebSite\",\"@id\":\"https:\\\/\\\/blue-motion.pt\\\/pt-pt\\\/#website\",\"url\":\"https:\\\/\\\/blue-motion.pt\\\/pt-pt\\\/\",\"name\":\"Bluemotion\",\"description\":\"Boat Tours and Experiences in Lisbon\",\"publisher\":{\"@id\":\"https:\\\/\\\/blue-motion.pt\\\/pt-pt\\\/#organization\"},\"potentialAction\":[{\"@type\":\"SearchAction\",\"target\":{\"@type\":\"EntryPoint\",\"urlTemplate\":\"https:\\\/\\\/blue-motion.pt\\\/pt-pt\\\/?s={search_term_string}\"},\"query-input\":{\"@type\":\"PropertyValueSpecification\",\"valueRequired\":true,\"valueName\":\"search_term_string\"}}],\"inLanguage\":\"pt-PT\"},{\"@type\":\"Organization\",\"@id\":\"https:\\\/\\\/blue-motion.pt\\\/pt-pt\\\/#organization\",\"name\":\"Bluemotion\",\"url\":\"https:\\\/\\\/blue-motion.pt\\\/pt-pt\\\/\",\"logo\":{\"@type\":\"ImageObject\",\"inLanguage\":\"pt-PT\",\"@id\":\"https:\\\/\\\/blue-motion.pt\\\/pt-pt\\\/#\\\/schema\\\/logo\\\/image\\\/\",\"url\":\"https:\\\/\\\/blue-motion.pt\\\/wp-content\\\/uploads\\\/2024\\\/01\\\/logofinal.png\",\"contentUrl\":\"https:\\\/\\\/blue-motion.pt\\\/wp-content\\\/uploads\\\/2024\\\/01\\\/logofinal.png\",\"width\":400,\"height\":238,\"caption\":\"Bluemotion\"},\"image\":{\"@id\":\"https:\\\/\\\/blue-motion.pt\\\/pt-pt\\\/#\\\/schema\\\/logo\\\/image\\\/\"},\"sameAs\":[\"https:\\\/\\\/www.facebook.com\\\/BluemotionLisbon\",\"https:\\\/\\\/www.instagram.com\\\/bluemotion_lisbon\\\/\"]}]}<\/script>\n<!-- \/ Yoast SEO plugin. -->","yoast_head_json":{"title":"Passeio Panor\u00e2mico em Lisboa: descubra a cidade a partir do Tejo","description":"Explore a hist\u00f3ria de Lisboa num passeio panor\u00e2mico pelo Tejo: uma vista \u00fanica sobre os monumentos ic\u00f3nicos com o conforto e a hospitalidade da Bluemotion. Reserve o seu passeio de barco.","robots":{"index":"index","follow":"follow","max-snippet":"max-snippet:-1","max-image-preview":"max-image-preview:large","max-video-preview":"max-video-preview:-1"},"canonical":"https:\/\/blue-motion.pt\/pt-pt\/experiencias\/tour-privado\/","og_locale":"pt_PT","og_type":"article","og_title":"Passeio Panor\u00e2mico em Lisboa: descubra a cidade a partir do Tejo","og_description":"Explore a hist\u00f3ria de Lisboa num passeio panor\u00e2mico pelo Tejo: uma vista \u00fanica sobre os monumentos ic\u00f3nicos com o conforto e a hospitalidade da Bluemotion. Reserve o seu passeio de barco.","og_url":"https:\/\/blue-motion.pt\/pt-pt\/experiencias\/tour-privado\/","og_site_name":"Blue-Motion.pt","article_publisher":"https:\/\/www.facebook.com\/BluemotionLisbon","article_modified_time":"2026-04-22T16:21:02+00:00","twitter_card":"summary_large_image","schema":{"@context":"https:\/\/schema.org","@graph":[{"@type":"WebPage","@id":"https:\/\/blue-motion.pt\/pt-pt\/experiencias\/tour-privado\/","url":"https:\/\/blue-motion.pt\/pt-pt\/experiencias\/tour-privado\/","name":"Passeio Panor\u00e2mico em Lisboa: descubra a cidade a partir do Tejo","isPartOf":{"@id":"https:\/\/blue-motion.pt\/pt-pt\/#website"},"datePublished":"2024-02-07T17:15:42+00:00","dateModified":"2026-04-22T16:21:02+00:00","description":"Explore a hist\u00f3ria de Lisboa num passeio panor\u00e2mico pelo Tejo: uma vista \u00fanica sobre os monumentos ic\u00f3nicos com o conforto e a hospitalidade da Bluemotion. Reserve o seu passeio de barco.","breadcrumb":{"@id":"https:\/\/blue-motion.pt\/pt-pt\/experiencias\/tour-privado\/#breadcrumb"},"inLanguage":"pt-PT","potentialAction":[{"@type":"ReadAction","target":["https:\/\/blue-motion.pt\/pt-pt\/experiencias\/tour-privado\/"]}]},{"@type":"BreadcrumbList","@id":"https:\/\/blue-motion.pt\/pt-pt\/experiencias\/tour-privado\/#breadcrumb","itemListElement":[{"@type":"ListItem","position":1,"name":"Home","item":"https:\/\/blue-motion.pt\/pt-pt\/"},{"@type":"ListItem","position":2,"name":"Experi\u00eancias","item":"https:\/\/blue-motion.pt\/pt-pt\/experiencias\/"},{"@type":"ListItem","position":3,"name":"Tour panor\u00e2mico"}]},{"@type":"WebSite","@id":"https:\/\/blue-motion.pt\/pt-pt\/#website","url":"https:\/\/blue-motion.pt\/pt-pt\/","name":"Bluemotion","description":"Boat Tours and Experiences in Lisbon","publisher":{"@id":"https:\/\/blue-motion.pt\/pt-pt\/#organization"},"potentialAction":[{"@type":"SearchAction","target":{"@type":"EntryPoint","urlTemplate":"https:\/\/blue-motion.pt\/pt-pt\/?s={search_term_string}"},"query-input":{"@type":"PropertyValueSpecification","valueRequired":true,"valueName":"search_term_string"}}],"inLanguage":"pt-PT"},{"@type":"Organization","@id":"https:\/\/blue-motion.pt\/pt-pt\/#organization","name":"Bluemotion","url":"https:\/\/blue-motion.pt\/pt-pt\/","logo":{"@type":"ImageObject","inLanguage":"pt-PT","@id":"https:\/\/blue-motion.pt\/pt-pt\/#\/schema\/logo\/image\/","url":"https:\/\/blue-motion.pt\/wp-content\/uploads\/2024\/01\/logofinal.png","contentUrl":"https:\/\/blue-motion.pt\/wp-content\/uploads\/2024\/01\/logofinal.png","width":400,"height":238,"caption":"Bluemotion"},"image":{"@id":"https:\/\/blue-motion.pt\/pt-pt\/#\/schema\/logo\/image\/"},"sameAs":["https:\/\/www.facebook.com\/BluemotionLisbon","https:\/\/www.instagram.com\/bluemotion_lisbon\/"]}]}},"_links":{"self":[{"href":"https:\/\/blue-motion.pt\/pt-pt\/wp-json\/wp\/v2\/pages\/413","targetHints":{"allow":["GET"]}}],"collection":[{"href":"https:\/\/blue-motion.pt\/pt-pt\/wp-json\/wp\/v2\/pages"}],"about":[{"href":"https:\/\/blue-motion.pt\/pt-pt\/wp-json\/wp\/v2\/types\/page"}],"author":[{"embeddable":true,"href":"https:\/\/blue-motion.pt\/pt-pt\/wp-json\/wp\/v2\/users\/1"}],"replies":[{"embeddable":true,"href":"https:\/\/blue-motion.pt\/pt-pt\/wp-json\/wp\/v2\/comments?post=413"}],"version-history":[{"count":3,"href":"https:\/\/blue-motion.pt\/pt-pt\/wp-json\/wp\/v2\/pages\/413\/revisions"}],"predecessor-version":[{"id":523,"href":"https:\/\/blue-motion.pt\/pt-pt\/wp-json\/wp\/v2\/pages\/413\/revisions\/523"}],"up":[{"embeddable":true,"href":"https:\/\/blue-motion.pt\/pt-pt\/wp-json\/wp\/v2\/pages\/409"}],"wp:featuredmedia":[{"embeddable":true,"href":"https:\/\/blue-motion.pt\/pt-pt\/wp-json\/"}],"wp:attachment":[{"href":"https:\/\/blue-motion.pt\/pt-pt\/wp-json\/wp\/v2\/media?parent=413"}],"curies":[{"name":"wp","href":"https:\/\/api.w.org\/{rel}","templated":true}]}}